{"id":6715,"date":"2019-08-31T11:20:59","date_gmt":"2019-08-31T15:20:59","guid":{"rendered":"https:\/\/www.cleniatrading.com\/?page_id=6715"},"modified":"2019-08-31T11:20:59","modified_gmt":"2019-08-31T15:20:59","slug":"logistic","status":"publish","type":"page","link":"https:\/\/www.cleniatrading.com\/?page_id=6715","title":{"rendered":"Logistic"},"content":{"rendered":"<p>Logistic is one of most important part of the business and it is our main goal to provide best service quality with our 20 years experience in export field.We mainly use \u0130zmir Port via comman shipping lines.<\/p>\n<p>The custom brokerage and documentation are directing by our staff in order to solve any possible problem on time. Our custom agency called \u00c7a\u011fdas G\u00fcmr\u00fck M\u00fc\u015favirli\u011fi Ltd. supply us with their 23 years experience in this field.<\/p>\n<p><strong>We supply our customer with following logistic services<\/strong> ;<\/p>\n<p>\u2022 Informing the orders to the related production facilities.<br \/>\n\u2022 Communications with the shipping lines and transportation companies<br \/>\n\u2022 Documentation<br \/>\n\u2022 Customs operations<br \/>\n\u2022 Following up the orders until delivery to our buyers<\/p>\n<p>Logistic success is one of the major condition to get success in our business.<\/p>\n","protected":false},"excerpt":{"rendered":"<p>Logistic is one of most important part of the business and it is our main goal to provide best service quality with our 20 years experience in export field.We mainly use \u0130zmir Port via comman shipping lines. The custom brokerage and documentation are directing by our staff [&hellip;]<\/p>\n","protected":false},"author":5,"featured_media":0,"parent":0,"menu_order":0,"comment_status":"closed","ping_status":"closed","template":"page-FullWidth.php","meta":{"footnotes":""},"_links":{"self":[{"href":"https:\/\/www.cleniatrading.com\/index.php?rest_route=\/wp\/v2\/pages\/6715"}],"collection":[{"href":"https:\/\/www.cleniatrading.com\/index.php?rest_route=\/wp\/v2\/pages"}],"about":[{"href":"https:\/\/www.cleniatrading.com\/index.php?rest_route=\/wp\/v2\/types\/page"}],"author":[{"embeddable":true,"href":"https:\/\/www.cleniatrading.com\/index.php?rest_route=\/wp\/v2\/users\/5"}],"replies":[{"embeddable":true,"href":"https:\/\/www.cleniatrading.com\/index.php?rest_route=%2Fwp%2Fv2%2Fcomments&post=6715"}],"version-history":[{"count":1,"href":"https:\/\/www.cleniatrading.com\/index.php?rest_route=\/wp\/v2\/pages\/6715\/revisions"}],"predecessor-version":[{"id":6716,"href":"https:\/\/www.cleniatrading.com\/index.php?rest_route=\/wp\/v2\/pages\/6715\/revisions\/6716"}],"wp:attachment":[{"href":"https:\/\/www.cleniatrading.com\/index.php?rest_route=%2Fwp%2Fv2%2Fmedia&parent=6715"}],"curies":[{"name":"wp","href":"https:\/\/api.w.org\/{rel}","templated":true}]}}