{"id":6731,"date":"2019-08-31T12:22:56","date_gmt":"2019-08-31T16:22:56","guid":{"rendered":"https:\/\/www.cleniatrading.com\/uber-uns\/"},"modified":"2019-08-31T12:50:45","modified_gmt":"2019-08-31T16:50:45","slug":"uber-uns","status":"publish","type":"page","link":"https:\/\/www.cleniatrading.com\/?page_id=6731&lang=de","title":{"rendered":"\u00dcber uns"},"content":{"rendered":"[vc_row][vc_column][vc_column_text]\n<p style=\"text-align: justify;\">Erich G\u00fcnther wurde in Deutschland im Jahre 1929 vom Gro\u00dfvater der heute gesch\u00e4ftsf\u00fchrenden Enkel Elke Ritter, Dirk Ritter und Denise Grawe gegr\u00fcndet um Trockenfr\u00fcchte, N\u00fcsse und Saaten nach Deutschland zu importieren.<\/p>\n<p style=\"text-align: justify;\">W\u00e4hrend dieser Zeit wurden wir zu einem wichtigen zweiten Standbein neben den Zentralen f\u00fcr die deutschen B\u00e4ckereigenossenschaften und Ceralienhersteller geworden.<\/p>\n<p style=\"text-align: justify;\">Erich G\u00fcnther konnte starke Partnerschaften mit f\u00fchrenden Exporteuren aus aller Welt entwickeln wie z.B. Georgien, Indien, China, Ungarn aber im Besonderen T\u00fcrkei.<\/p>\n<p style=\"text-align: justify;\">Wir auditieren regelm\u00e4ssig unsere Lieferanten. Viele hiervon verf\u00fcgen \u00fcber BRC, IFS, HACCP und ISO Zertifikate, die von unseren gr\u00f6\u00dften deutschen Kunden akzeptiert werden.<\/p>\n<p style=\"text-align: justify;\">Das Ziel der Firma war immer, mit unseren Kunden eng zusammen zu arbeiten, um ihre Anforderungen und spezifischen W\u00fcnsche bestm\u00f6glichst zu erf\u00fcllen. Wir setzen auf starke Partnerschaften und sehen uns als Ratgeber und nicht als Verk\u00e4ufer.<\/p>\n<p style=\"text-align: justify;\">Die Erfolge der letzten 90 Jahre haben uns jetzt erlaubt, eine eigene Firma in der T\u00fcrkei in der Manisa Region zu gr\u00fcnden um den lokalen Markt f\u00fcr Sultanas, Haselnusskerne und Aprikosen besser zu verstehen mit dem Ziel, unsere Kunden bei ihren Entscheidungen mit objektiven Informationen noch besser zu unterst\u00fctzen.<\/p>\n<p style=\"text-align: justify;\">Im Jahre 2006 haben wir unsere Marke \u201eCLENIA\u201c registrieren lassen unter der wird die meisten Produkte vertreiben.<\/p>\n<p style=\"text-align: justify;\">Wir arbeiten ausschlie\u00dflich mit eigenem Geld und verf\u00fcgen \u00fcber ein eigenes Lager in D\u00fcsseldorf mit ca. 5000 qm und einem durchschnittlichen Wert von 3 Mill. EURO. Unsere Fahrzeuge beliefern die Kunden im Wochenrythmus.<\/p>\n<p style=\"text-align: justify;\">Die Neue Firma in der T\u00fcrkei wird gef\u00fchrt von meinem Partner Mehmet Koruk, der sich lange Jahre als Produktionsleiter umfangreiche Kenntnisse im Trockenfruchtbereich, im Mixpickle Bereich sowie bei Tomatenprodukten in der Produktion wie auch im Handel mit diesen Produkten erworben hat.<\/p>\n<p style=\"text-align: justify;\">Unser Credo lautet Unabh\u00e4ngigkeit, Leidenschaft und Qualit\u00e4t.<\/p>\n[\/vc_column_text][\/vc_column][\/vc_row]\n","protected":false},"excerpt":{"rendered":"<p>[vc_row][vc_column][vc_column_text] Erich G\u00fcnther wurde in Deutschland im Jahre 1929 vom Gro\u00dfvater der heute gesch\u00e4ftsf\u00fchrenden Enkel Elke Ritter, Dirk Ritter und Denise Grawe gegr\u00fcndet um Trockenfr\u00fcchte, N\u00fcsse und Saaten nach Deutschland zu importieren. W\u00e4hrend dieser Zeit wurden wir zu einem wichtigen zweiten Standbein neben den Zentralen f\u00fcr die [&hellip;]<\/p>\n","protected":false},"author":5,"featured_media":0,"parent":0,"menu_order":0,"comment_status":"closed","ping_status":"closed","template":"page-FullWidth.php","meta":{"footnotes":""},"_links":{"self":[{"href":"https:\/\/www.cleniatrading.com\/index.php?rest_route=\/wp\/v2\/pages\/6731"}],"collection":[{"href":"https:\/\/www.cleniatrading.com\/index.php?rest_route=\/wp\/v2\/pages"}],"about":[{"href":"https:\/\/www.cleniatrading.com\/index.php?rest_route=\/wp\/v2\/types\/page"}],"author":[{"embeddable":true,"href":"https:\/\/www.cleniatrading.com\/index.php?rest_route=\/wp\/v2\/users\/5"}],"replies":[{"embeddable":true,"href":"https:\/\/www.cleniatrading.com\/index.php?rest_route=%2Fwp%2Fv2%2Fcomments&post=6731"}],"version-history":[{"count":5,"href":"https:\/\/www.cleniatrading.com\/index.php?rest_route=\/wp\/v2\/pages\/6731\/revisions"}],"predecessor-version":[{"id":6753,"href":"https:\/\/www.cleniatrading.com\/index.php?rest_route=\/wp\/v2\/pages\/6731\/revisions\/6753"}],"wp:attachment":[{"href":"https:\/\/www.cleniatrading.com\/index.php?rest_route=%2Fwp%2Fv2%2Fmedia&parent=6731"}],"curies":[{"name":"wp","href":"https:\/\/api.w.org\/{rel}","templated":true}]}}